{"id":17,"date":"2020-04-13T15:55:58","date_gmt":"2020-04-13T13:55:58","guid":{"rendered":"https:\/\/www.herz-gesund.de\/cms\/?page_id=17"},"modified":"2024-08-19T12:38:24","modified_gmt":"2024-08-19T10:38:24","slug":"team","status":"publish","type":"page","link":"https:\/\/www.herz-gesund.de\/index.php\/team\/","title":{"rendered":"Team"},"content":{"rendered":"\n<p class=\"has-larger-font-size\"><strong>Dr. Roland Bach<\/strong><\/p>\n\n\n\n<p>Internist, Kardiologe<strong><br><\/strong>E-Mail: <a href=\"mailto:bach@herz-gesund.de\">bach@herz-gesund.de<\/a><\/p>\n\n\n\n<p><img decoding=\"async\" class=\"wp-image-75\" style=\"width: 840px;\" src=\"https:\/\/www.herz-gesund.de\/cms\/wp-content\/uploads\/2020\/04\/Bach_farbe_neu.jpg\" alt=\"\"><\/p>\n\n\n\n<p>Studium und Promotion in Heidelberg, Ausbildung an der Universit\u00e4tsklinik Freiburg und der Universit\u00e4t des Saarlandes, umfangreiche wissenschaftliche Arbeit, zahlreiche wissenschaftliche Publikationen, Herausgabe mehrerer B\u00fccher zum Themenbereich invasive Kardiologie, 1992 bis 2001 Aufbau und Leitung eines Herzzentrums in Dresden, bis 2003 Vorstandsvorsitzender des Dresdner Instituts f\u00fcr Herz- und Kreislaufforschung, beratende T\u00e4tigkeit f\u00fcr Herzzentren, Konzeption und Organisation klinischer Forschungsvorhaben, privat\u00e4rztliche Kardiologie in Bad Homburg.<\/p>\n\n\n\n<hr class=\"wp-block-separator has-css-opacity\"\/>\n\n\n\n<p><\/p>\n\n\n\n<p class=\"has-large-font-size\"><a href=\"mailto:Claire%20Geary,%20B.Sc.KrankenschwesterE-Mail:%20\"><strong>Frau Arnold-Jaksch<\/strong><\/a><\/p>\n\n\n\n<p>Praxisorganisation, Assistenz<br>E-Mail: <a href=\"mailto:arnold@herz-gesund.de\">arnold@herz-gesund.de<\/a><\/p>\n\n\n\n<figure class=\"wp-block-image size-full\"><img loading=\"lazy\" decoding=\"async\" width=\"840\" height=\"560\" src=\"https:\/\/www.herz-gesund.de\/cms\/wp-content\/uploads\/2023\/02\/arnold.jpg\" alt=\"\" class=\"wp-image-228\" srcset=\"https:\/\/www.herz-gesund.de\/cms\/wp-content\/uploads\/2023\/02\/arnold.jpg 840w, https:\/\/www.herz-gesund.de\/cms\/wp-content\/uploads\/2023\/02\/arnold-300x200.jpg 300w, https:\/\/www.herz-gesund.de\/cms\/wp-content\/uploads\/2023\/02\/arnold-768x512.jpg 768w\" sizes=\"auto, (max-width: 840px) 100vw, 840px\" \/><\/figure>\n\n\n\n<p><\/p>\n\n\n\n<p>Ausbildung und Abschluss als Arzthelferin; anschlie\u00dfend \u00fcber mehrere Jahre als Arzthelferin in Arztpraxen t\u00e4tig; von 1997 bis 2019 engagierte sich Frau Arnold-Jaksch f\u00fcr das Kinderhilfswerk World Vision e.V. im Bereich des Paten- und Spendenservice als Patenbetreuerin; seit 2017 R\u00fcckkehr zu einer mehr patientenbezogenen T\u00e4tigkeit; seit Oktober 2021 umfassende Praxisorganisation sowie Assistenz in der kardiologischen Privatpraxis.<\/p>\n\n\n\n<hr class=\"wp-block-separator has-css-opacity\"\/>\n\n\n\n<p><\/p>\n\n\n\n<p><\/p>\n\n\n\n<p class=\"has-large-font-size\"><a href=\"mailto:Ulrike%20Schilling,%20M.Sc.KrankenschwesterE-Mail:%20\"><strong>Ulrike Schilling, M.Sc.<\/strong><\/a><\/p>\n\n\n\n<p><a href=\"mailto:Ulrike%20Schilling,%20M.Sc.KrankenschwesterE-Mail:%20\">Krankenschwester<br>E-Mail: <\/a>schilling@herz-gesund.de<\/p>\n\n\n\n<p><img decoding=\"async\" class=\"wp-image-67\" style=\"width: 840px;\" src=\"https:\/\/www.herz-gesund.de\/cms\/wp-content\/uploads\/2020\/04\/Schilling_MW_3789.jpg\" alt=\"\"><\/p>\n\n\n\n<p>Ausbildung als Krankenschwester; bis 2002 leitende Schwester im Herzkatheterlabor des ambulanten Herzzentrums Dresden; Vortr\u00e4ge und Publikationen zu kardiologischen Themen; Studium &#8222;Angewandte Gesundheitswissenschaften&#8220; an der Hochschule Magdeburg-Stendal, Abschluss als Gesundheitsmanager; Gesundheitsmanagement im Rahmen von Herz- und Kreislauferkrankungen; Universit\u00e4tslehrgang &#8222;Clinical Research&#8220; an der Donau-Universit\u00e4t Krems, Abschluss als &#8222;Master of Science in Clinical Research&#8220;; umfassende Betreuung von Projekten im Bereich der klinischen Forschung.<\/p>\n","protected":false},"excerpt":{"rendered":"<p>Dr. Roland Bach Internist, KardiologeE-Mail: bach@herz-gesund.de Studium und Promotion in Heidelberg, Ausbildung an der Universit\u00e4tsklinik Freiburg und der Universit\u00e4t des Saarlandes, umfangreiche wissenschaftliche Arbeit, zahlreiche wissenschaftliche Publikationen, Herausgabe mehrerer B\u00fccher zum Themenbereich invasive Kardiologie, 1992 bis 2001 Aufbau und Leitung eines Herzzentrums in Dresden, bis 2003 Vorstandsvorsitzender des Dresdner Instituts f\u00fcr Herz- und Kreislaufforschung, beratende T\u00e4tigkeit f\u00fcr Herzzentren, Konzeption und Organisation klinischer Forschungsvorhaben, privat\u00e4rztliche Kardiologie in Bad Homburg. Frau Arnold-Jaksch Praxisorganisation, AssistenzE-Mail: arnold@herz-gesund.de Ausbildung und Abschluss als Arzthelferin; anschlie\u00dfend \u00fcber mehrere Jahre als Arzthelferin in Arztpraxen t\u00e4tig; von 1997 bis 2019 engagierte sich Frau Arnold-Jaksch f\u00fcr das Kinderhilfswerk World Vision e.V. im Bereich des Paten- und Spendenservice als Patenbetreuerin; seit 2017 R\u00fcckkehr zu einer mehr patientenbezogenen T\u00e4tigkeit; seit Oktober 2021 umfassende Praxisorganisation sowie Assistenz in der kardiologischen Privatpraxis. Ulrike Schilling, M.Sc. KrankenschwesterE-Mail: schilling@herz-gesund.de Ausbildung als Krankenschwester; bis 2002 leitende Schwester im Herzkatheterlabor des ambulanten Herzzentrums Dresden; Vortr\u00e4ge und Publikationen zu kardiologischen Themen; Studium &#8222;Angewandte Gesundheitswissenschaften&#8220; an der Hochschule Magdeburg-Stendal, Abschluss als Gesundheitsmanager; Gesundheitsmanagement im Rahmen von Herz- und Kreislauferkrankungen; Universit\u00e4tslehrgang &#8222;Clinical Research&#8220; an der Donau-Universit\u00e4t &hellip;<\/p>\n","protected":false},"author":1,"featured_media":0,"parent":0,"menu_order":2,"comment_status":"closed","ping_status":"closed","template":"","meta":{"footnotes":""},"class_list":["post-17","page","type-page","status-publish","hentry"],"_links":{"self":[{"href":"https:\/\/www.herz-gesund.de\/index.php\/wp-json\/wp\/v2\/pages\/17","targetHints":{"allow":["GET"]}}],"collection":[{"href":"https:\/\/www.herz-gesund.de\/index.php\/wp-json\/wp\/v2\/pages"}],"about":[{"href":"https:\/\/www.herz-gesund.de\/index.php\/wp-json\/wp\/v2\/types\/page"}],"author":[{"embeddable":true,"href":"https:\/\/www.herz-gesund.de\/index.php\/wp-json\/wp\/v2\/users\/1"}],"replies":[{"embeddable":true,"href":"https:\/\/www.herz-gesund.de\/index.php\/wp-json\/wp\/v2\/comments?post=17"}],"version-history":[{"count":20,"href":"https:\/\/www.herz-gesund.de\/index.php\/wp-json\/wp\/v2\/pages\/17\/revisions"}],"predecessor-version":[{"id":235,"href":"https:\/\/www.herz-gesund.de\/index.php\/wp-json\/wp\/v2\/pages\/17\/revisions\/235"}],"wp:attachment":[{"href":"https:\/\/www.herz-gesund.de\/index.php\/wp-json\/wp\/v2\/media?parent=17"}],"curies":[{"name":"wp","href":"https:\/\/api.w.org\/{rel}","templated":true}]}}