{"id":19,"date":"2020-04-13T15:56:20","date_gmt":"2020-04-13T13:56:20","guid":{"rendered":"https:\/\/www.herz-gesund.de\/cms\/?page_id=19"},"modified":"2024-09-16T14:34:51","modified_gmt":"2024-09-16T12:34:51","slug":"kontakt","status":"publish","type":"page","link":"https:\/\/www.herz-gesund.de\/index.php\/kontakt\/","title":{"rendered":"Kontakt"},"content":{"rendered":"\n<figure class=\"wp-block-image size-large is-resized\"><img loading=\"lazy\" decoding=\"async\" width=\"900\" height=\"675\" src=\"https:\/\/www.herz-gesund.de\/cms\/wp-content\/uploads\/2020\/04\/bild1503328997908.jpg\" alt=\"\" class=\"wp-image-56\" style=\"width:840px\" srcset=\"https:\/\/www.herz-gesund.de\/cms\/wp-content\/uploads\/2020\/04\/bild1503328997908.jpg 900w, https:\/\/www.herz-gesund.de\/cms\/wp-content\/uploads\/2020\/04\/bild1503328997908-300x225.jpg 300w, https:\/\/www.herz-gesund.de\/cms\/wp-content\/uploads\/2020\/04\/bild1503328997908-768x576.jpg 768w\" sizes=\"auto, (max-width: 900px) 100vw, 900px\" \/><\/figure>\n\n\n\n<p>Kardiologische Privatpraxis<br>Dr. med. R. Bach<br>Marienbader Platz 18<\/p>\n\n\n\n<p>61348 Bad Homburg<br>Tel.: 0 61 72 &#8211; 67 91 67<br>Fax: 0 61 72 &#8211; 67 91 65<br>E-Mail: bach@herz-gesund.de<\/p>\n\n\n\n<p><strong>Hinweise<\/strong><\/p>\n\n\n\n<p>Das Sekretariat erreichen Sie von Montag bis Freitag in der Zeit zwischen 09:00 Uhr bis 12:30 Uhr sowie zwischen 14:00 Uhr und 17:30 Uhr unter der Nummer 06172-679167.<\/p>\n\n\n\n<p>Gerne d\u00fcrfen Sie uns eine R\u00fcckrufbitte unter Angabe Ihrer Telefonnummer \u00fcber die E-Mail Adresse <a href=\"javascript:;\">arnold@herz-gesund.de<\/a> zukommen lassen. Wir rufen Sie gerne zur\u00fcck.<\/p>\n\n\n\n<p><strong>Anfahrt<\/strong><\/p>\n\n\n<div id=\"wpgmza_map\" class=\"wpgmza_map\" data-settings='{\"id\":\"1\",\"map_title\":\"Meine erste Karte\",\"map_width\":\"100\",\"map_height\":\"400\",\"map_start_lat\":\"50.222148\",\"map_start_lng\":\"8.622447\",\"map_start_location\":\"50.22214784536553,8.622446864536794\",\"map_start_zoom\":\"14\",\"default_marker\":\"0\",\"type\":\"1\",\"alignment\":\"4\",\"directions_enabled\":\"1\",\"styling_enabled\":\"0\",\"styling_json\":\"\",\"active\":\"0\",\"kml\":\"\",\"bicycle\":\"0\",\"traffic\":\"0\",\"dbox\":\"1\",\"dbox_width\":\"100\",\"listmarkers\":\"0\",\"listmarkers_advanced\":\"0\",\"filterbycat\":\"0\",\"ugm_enabled\":\"0\",\"ugm_category_enabled\":\"0\",\"fusion\":\"\",\"map_width_type\":\"\\\\%\",\"map_height_type\":\"px\",\"mass_marker_support\":\"1\",\"ugm_access\":\"0\",\"order_markers_by\":\"1\",\"order_markers_choice\":\"2\",\"show_user_location\":\"0\",\"default_to\":\"\",\"other_settings\":{\"store_locator_enabled\":2,\"store_locator_distance\":2,\"store_locator_default_radius\":10,\"store_locator_not_found_message\":\"No results found in this location. Please try again.\",\"store_locator_bounce\":1,\"store_locator_query_string\":\"ZIP \\\/ Address:\",\"store_locator_default_address\":\"\",\"wpgmza_store_locator_restrict\":\"\",\"wpgmza_store_locator_radius_style\":\"modern\",\"map_max_zoom\":\"1\",\"transport_layer\":0,\"wpgmza_show_points_of_interest\":0,\"wpgmza_auto_night\":0}}' data-map-id='1' Data-maps-engine='open-layers' data-shortcode-attributes='{\"id\":\"1\"}' style=\"display:block; overflow:auto; width:100%; height:400px; float:left;\"><\/div>\n\n\n\n<p><\/p>\n","protected":false},"excerpt":{"rendered":"<p>Kardiologische PrivatpraxisDr. med. R. BachMarienbader Platz 18 61348 Bad HomburgTel.: 0 61 72 &#8211; 67 91 67Fax: 0 61 72 &#8211; 67 91 65E-Mail: bach@herz-gesund.de Hinweise Das Sekretariat erreichen Sie von Montag bis Freitag in der Zeit zwischen 09:00 Uhr bis 12:30 Uhr sowie zwischen 14:00 Uhr und 17:30 Uhr unter der Nummer 06172-679167. Gerne d\u00fcrfen Sie uns eine R\u00fcckrufbitte unter Angabe Ihrer Telefonnummer \u00fcber die E-Mail Adresse arnold@herz-gesund.de zukommen lassen. Wir rufen Sie gerne zur\u00fcck. Anfahrt<\/p>\n","protected":false},"author":1,"featured_media":0,"parent":0,"menu_order":3,"comment_status":"closed","ping_status":"closed","template":"","meta":{"footnotes":""},"class_list":["post-19","page","type-page","status-publish","hentry"],"_links":{"self":[{"href":"https:\/\/www.herz-gesund.de\/index.php\/wp-json\/wp\/v2\/pages\/19","targetHints":{"allow":["GET"]}}],"collection":[{"href":"https:\/\/www.herz-gesund.de\/index.php\/wp-json\/wp\/v2\/pages"}],"about":[{"href":"https:\/\/www.herz-gesund.de\/index.php\/wp-json\/wp\/v2\/types\/page"}],"author":[{"embeddable":true,"href":"https:\/\/www.herz-gesund.de\/index.php\/wp-json\/wp\/v2\/users\/1"}],"replies":[{"embeddable":true,"href":"https:\/\/www.herz-gesund.de\/index.php\/wp-json\/wp\/v2\/comments?post=19"}],"version-history":[{"count":6,"href":"https:\/\/www.herz-gesund.de\/index.php\/wp-json\/wp\/v2\/pages\/19\/revisions"}],"predecessor-version":[{"id":237,"href":"https:\/\/www.herz-gesund.de\/index.php\/wp-json\/wp\/v2\/pages\/19\/revisions\/237"}],"wp:attachment":[{"href":"https:\/\/www.herz-gesund.de\/index.php\/wp-json\/wp\/v2\/media?parent=19"}],"curies":[{"name":"wp","href":"https:\/\/api.w.org\/{rel}","templated":true}]}}