{"id":21,"date":"2020-04-13T15:56:37","date_gmt":"2020-04-13T13:56:37","guid":{"rendered":"https:\/\/www.herz-gesund.de\/cms\/?page_id=21"},"modified":"2020-04-23T12:06:27","modified_gmt":"2020-04-23T10:06:27","slug":"impressum","status":"publish","type":"page","link":"https:\/\/www.herz-gesund.de\/index.php\/kontakt\/impressum\/","title":{"rendered":"Impressum"},"content":{"rendered":"\n<p><strong>Herausgeber:<\/strong><br>Kardiologische Privatpraxis<br>Dr. med. R. Bach<br>Marienbader Platz 18<br>61348 Bad Homburg<br>Tel.: 0 61 72 &#8211; 67 91 67<br>Fax: 0 61 72 &#8211; 67 91 65<br>E-Mail: bach@herz-gesund.de<\/p>\n\n\n\n<p><strong>Gesetzliche Berufsbezeichnung:<\/strong> Arzt<br>Berufsbezeichnung verliehen in der Bundesrepublik Deutschland<br><br><strong>Zust\u00e4ndige \u00c4rztekammer:<\/strong><br>Landes\u00e4rztekammer Hessen<br>Im Vogelsgesang 3<br>60488 Frankfurt<br>Telefon: 069 &#8211; 97 67 20<br>Fax: 069 &#8211; 97 67 21 28<br>E-Mail: info@laekh.de<br>Internetadresse: <a rel=\"noreferrer noopener\" href=\"http:\/\/www.laekh.de\" target=\"_blank\">http:\/\/www.laekh.de<\/a><\/p>\n\n\n\n<p><strong>Berufsordnung:<\/strong><br>Die berufsrechtlichen Regelungen sind \u00fcber die Internetseiten der Landes\u00e4rztekammer Hessen zug\u00e4nglich. Der direkte Link lautet:<br><a rel=\"noreferrer noopener\" href=\"http:\/\/www.laekh.de\" target=\"_blank\">http:\/\/www.laekh.de<\/a><\/p>\n\n\n\n<p><strong>Abbildungen:<\/strong><br>Kardiologische Privatpraxis Dr. med. R. Bach<br>Rolf G\u00f6bler<\/p>\n","protected":false},"excerpt":{"rendered":"<p>Herausgeber:Kardiologische PrivatpraxisDr. med. R. BachMarienbader Platz 1861348 Bad HomburgTel.: 0 61 72 &#8211; 67 91 67Fax: 0 61 72 &#8211; 67 91 65E-Mail: bach@herz-gesund.de Gesetzliche Berufsbezeichnung: ArztBerufsbezeichnung verliehen in der Bundesrepublik Deutschland Zust\u00e4ndige \u00c4rztekammer:Landes\u00e4rztekammer HessenIm Vogelsgesang 360488 FrankfurtTelefon: 069 &#8211; 97 67 20Fax: 069 &#8211; 97 67 21 28E-Mail: info@laekh.deInternetadresse: http:\/\/www.laekh.de Berufsordnung:Die berufsrechtlichen Regelungen sind \u00fcber die Internetseiten der Landes\u00e4rztekammer Hessen zug\u00e4nglich. Der direkte Link lautet:http:\/\/www.laekh.de Abbildungen:Kardiologische Privatpraxis Dr. med. R. BachRolf G\u00f6bler<\/p>\n","protected":false},"author":1,"featured_media":0,"parent":19,"menu_order":4,"comment_status":"closed","ping_status":"closed","template":"","meta":{"footnotes":""},"class_list":["post-21","page","type-page","status-publish","hentry"],"_links":{"self":[{"href":"https:\/\/www.herz-gesund.de\/index.php\/wp-json\/wp\/v2\/pages\/21","targetHints":{"allow":["GET"]}}],"collection":[{"href":"https:\/\/www.herz-gesund.de\/index.php\/wp-json\/wp\/v2\/pages"}],"about":[{"href":"https:\/\/www.herz-gesund.de\/index.php\/wp-json\/wp\/v2\/types\/page"}],"author":[{"embeddable":true,"href":"https:\/\/www.herz-gesund.de\/index.php\/wp-json\/wp\/v2\/users\/1"}],"replies":[{"embeddable":true,"href":"https:\/\/www.herz-gesund.de\/index.php\/wp-json\/wp\/v2\/comments?post=21"}],"version-history":[{"count":5,"href":"https:\/\/www.herz-gesund.de\/index.php\/wp-json\/wp\/v2\/pages\/21\/revisions"}],"predecessor-version":[{"id":112,"href":"https:\/\/www.herz-gesund.de\/index.php\/wp-json\/wp\/v2\/pages\/21\/revisions\/112"}],"up":[{"embeddable":true,"href":"https:\/\/www.herz-gesund.de\/index.php\/wp-json\/wp\/v2\/pages\/19"}],"wp:attachment":[{"href":"https:\/\/www.herz-gesund.de\/index.php\/wp-json\/wp\/v2\/media?parent=21"}],"curies":[{"name":"wp","href":"https:\/\/api.w.org\/{rel}","templated":true}]}}