{"id":6,"date":"2020-04-13T13:47:37","date_gmt":"2020-04-13T13:47:37","guid":{"rendered":"https:\/\/www.herz-gesund.de\/cms\/?page_id=6"},"modified":"2023-02-13T11:23:48","modified_gmt":"2023-02-13T10:23:48","slug":"home","status":"publish","type":"page","link":"https:\/\/www.herz-gesund.de\/","title":{"rendered":"Ein realistischer Optimismus verl\u00e4ngert Ihre Lebenserwartung"},"content":{"rendered":"\n<figure class=\"wp-block-image size-large\"><img loading=\"lazy\" decoding=\"async\" width=\"1024\" height=\"739\" src=\"https:\/\/www.herz-gesund.de\/cms\/wp-content\/uploads\/2020\/04\/Bach_farbe_neu-1024x739.jpg\" alt=\"\" class=\"wp-image-75\"\/><figcaption class=\"wp-element-caption\"><strong>Dr. Roland Bach&nbsp; &#8211;&nbsp;&nbsp; <\/strong><em>Internist, Kardiologe<\/em>, <em>Bad Homburg vor der H\u00f6he<\/em><\/figcaption><\/figure>\n\n\n\n<p class=\"has-large-font-size\">Positives Denken macht es Ihnen einfacher, die Dinge unter Kontrolle zu behalten.<br>Eine pr\u00e4ventive Medizin hilft, gedankliche Last zu verringern und kann Sie von der Sorge befreien, etwas vers\u00e4umt zu haben.<br><br>Dann k\u00f6nnen Sie sagen:<br><br>Es ist was es ist (Erich Fried)<\/p>\n\n\n\n<hr class=\"wp-block-separator has-css-opacity\"\/>\n\n\n\n<p><strong>Hinweise<\/strong><\/p>\n\n\n\n<p>Das Sekretariat erreichen Sie von Montag bis Freitag in der Zeit zwischen 09:00 Uhr bis 16:30 Uhr unter der Nummer 06172-679167.<\/p>\n\n\n\n<p>Gerne d\u00fcrfen Sie uns eine R\u00fcckrufbitte unter Angabe Ihrer Telefonnummer \u00fcber die E-Mail Adresse <a href=\"mailto:arnold@herz-gesund.de\">arnold@herz-gesund.de<\/a> zukommen lassen. Wir rufen Sie gerne zur\u00fcck.<\/p>\n","protected":false},"excerpt":{"rendered":"<p>Positives Denken macht es Ihnen einfacher, die Dinge unter Kontrolle zu behalten.Eine pr\u00e4ventive Medizin hilft, gedankliche Last zu verringern und kann Sie von der Sorge befreien, etwas vers\u00e4umt zu haben. Dann k\u00f6nnen Sie sagen: Es ist was es ist (Erich Fried) Hinweise Das Sekretariat erreichen Sie von Montag bis Freitag in der Zeit zwischen 09:00 Uhr bis 16:30 Uhr unter der Nummer 06172-679167. Gerne d\u00fcrfen Sie uns eine R\u00fcckrufbitte unter Angabe Ihrer Telefonnummer \u00fcber die E-Mail Adresse arnold@herz-gesund.de zukommen lassen. Wir rufen Sie gerne zur\u00fcck.<\/p>\n","protected":false},"author":1,"featured_media":0,"parent":0,"menu_order":0,"comment_status":"closed","ping_status":"closed","template":"","meta":{"footnotes":""},"class_list":["post-6","page","type-page","status-publish","hentry"],"_links":{"self":[{"href":"https:\/\/www.herz-gesund.de\/index.php\/wp-json\/wp\/v2\/pages\/6","targetHints":{"allow":["GET"]}}],"collection":[{"href":"https:\/\/www.herz-gesund.de\/index.php\/wp-json\/wp\/v2\/pages"}],"about":[{"href":"https:\/\/www.herz-gesund.de\/index.php\/wp-json\/wp\/v2\/types\/page"}],"author":[{"embeddable":true,"href":"https:\/\/www.herz-gesund.de\/index.php\/wp-json\/wp\/v2\/users\/1"}],"replies":[{"embeddable":true,"href":"https:\/\/www.herz-gesund.de\/index.php\/wp-json\/wp\/v2\/comments?post=6"}],"version-history":[{"count":19,"href":"https:\/\/www.herz-gesund.de\/index.php\/wp-json\/wp\/v2\/pages\/6\/revisions"}],"predecessor-version":[{"id":230,"href":"https:\/\/www.herz-gesund.de\/index.php\/wp-json\/wp\/v2\/pages\/6\/revisions\/230"}],"wp:attachment":[{"href":"https:\/\/www.herz-gesund.de\/index.php\/wp-json\/wp\/v2\/media?parent=6"}],"curies":[{"name":"wp","href":"https:\/\/api.w.org\/{rel}","templated":true}]}}